{"id":835,"date":"2023-04-15T16:17:37","date_gmt":"2023-04-15T15:17:37","guid":{"rendered":"https:\/\/mistravels.com\/?page_id=835"},"modified":"2023-08-08T16:42:20","modified_gmt":"2023-08-08T15:42:20","slug":"mentions-legales","status":"publish","type":"page","link":"https:\/\/mistravels.com\/es\/notas-legales\/","title":{"rendered":"Notas legales"},"content":{"rendered":"<div data-elementor-type=\"wp-page\" data-elementor-id=\"835\" class=\"elementor elementor-835\" data-elementor-post-type=\"page\">\n\t\t\t\t\t\t<section class=\"elementor-section elementor-top-section elementor-element elementor-element-b923b77 elementor-section-boxed elementor-section-height-default elementor-section-height-default\" data-id=\"b923b77\" data-element_type=\"section\">\n\t\t\t\t\t\t<div class=\"elementor-container elementor-column-gap-default\">\n\t\t\t\t\t<div class=\"elementor-column elementor-col-100 elementor-top-column elementor-element elementor-element-43e9405\" data-id=\"43e9405\" data-element_type=\"column\">\n\t\t\t<div class=\"elementor-widget-wrap elementor-element-populated\">\n\t\t\t\t\t\t<div class=\"elementor-element elementor-element-13d78c0 elementor-widget elementor-widget-heading\" data-id=\"13d78c0\" data-element_type=\"widget\" data-widget_type=\"heading.default\">\n\t\t\t\t<div class=\"elementor-widget-container\">\n\t\t\t\t\t<h1 class=\"elementor-heading-title elementor-size-default\">Notas legales<\/h1>\t\t\t\t<\/div>\n\t\t\t\t<\/div>\n\t\t\t\t<div class=\"elementor-element elementor-element-061251a elementor-widget elementor-widget-text-editor\" data-id=\"061251a\" data-element_type=\"widget\" data-widget_type=\"text-editor.default\">\n\t\t\t\t<div class=\"elementor-widget-container\">\n\t\t\t\t\t\t\t\t\t<p><strong>1. PRESENTACI\u00d3N DEL SITIO.<\/strong><br \/><br \/>De conformidad con el art\u00edculo 6 de la ley n.\u00ba 2004-575, de 21 de junio de 2004, sobre la confianza en la econom\u00eda digital, se informa a los usuarios del sitio www.mistravels.com sobre la identidad de las distintas partes involucradas en el contexto de su implementaci\u00f3n y seguimiento:<\/p><p><strong>Due\u00f1o<\/strong> : Danny DA ROCHA<br \/><strong>Creador<\/strong> : Danny DA ROCHA<br \/><strong>Correo electr\u00f3nico<\/strong> : mistravelsblog [en] gmail.com<br \/><strong>DIRECCI\u00d3N<\/strong> : 66 Avenue des Champs-\u00c9lys\u00e9es, 75008 Par\u00eds<br \/><strong>Tel\u00e9fono<\/strong> : +33 6 64 30 15 67<\/p><p><strong>N\u00famero de identificaci\u00f3n SIRET<\/strong> : 80868847700039<br \/><strong>N\u00famero de valor agregado :<\/strong> FR92808688477<br \/><strong>C\u00f3digo simio :<\/strong> Asesoramiento en gesti\u00f3n empresarial y otros (7022Z)<\/p><p><strong>Gerente de publicaciones:<\/strong> danny da rocha <br \/><strong>Administrador de p\u00e1gina web:<\/strong> danny da rocha<br \/><strong>Anfitri\u00f3n :<\/strong> Alojamiento<\/p><p>El modelo de aviso legal lo ofrece Subdelirium.com: https:\/\/www.subdelirium.com\/generateur-de-mentions-legales<\/p><p>\u00a0<\/p><p><strong>2. CONDICIONES GENERALES DE USO DEL SITIO Y DE LOS SERVICIOS OFRECIDOS.<\/strong><\/p><p>El uso del sitio www.mistravels.com implica la plena aceptaci\u00f3n de las condiciones generales de uso que se describen a continuaci\u00f3n. Estas condiciones de uso pueden ser modificadas o completadas en cualquier momento, por lo que se invita a los usuarios del sitio www.mistravels.com a consultarlas peri\u00f3dicamente.<\/p><p>Este sitio es normalmente accesible para los usuarios en cualquier momento. Sin embargo, Danny DA ROCHA puede decidir una interrupci\u00f3n debido al mantenimiento t\u00e9cnico.<\/p><p>El sitio www.mistravels.com es actualizado regularmente por Danny DA ROCHA. Del mismo modo, los avisos legales pueden modificarse en cualquier momento: no obstante, se imponen al usuario, al que se invita a consultarlos con la mayor frecuencia posible para familiarizarse con ellos.<\/p><p><br \/><strong>3. DESCRIPCI\u00d3N DE LOS SERVICIOS PRESTADOS.<\/strong><\/p><p>El sitio www.mistravels.com tiene como objetivo brindar informaci\u00f3n sobre todas las actividades de la empresa.<\/p><p>Danny DA ROCHA se esfuerza por proporcionar al sitio web www.mistravels.com informaci\u00f3n lo m\u00e1s precisa posible. Sin embargo, no se hace responsable de las omisiones, inexactitudes y deficiencias en la actualizaci\u00f3n, ya sea por s\u00ed mismo o por los terceros socios que le proporcionan esta informaci\u00f3n.<\/p><p>Toda la informaci\u00f3n indicada en el sitio www.mistravels.com se da a t\u00edtulo indicativo y es susceptible de evolucionar. Adem\u00e1s, la informaci\u00f3n del sitio www.dannydarocha.com no es exhaustiva. Se proporcionan sujetos a las modificaciones que se hayan realizado desde que se pusieron en l\u00ednea.<\/p><p><br \/><strong>4. LIMITACIONES CONTRACTUALES SOBRE DATOS T\u00c9CNICOS.<\/strong><br \/><br \/>El sitio web no se hace responsable de los da\u00f1os materiales relacionados con el uso del sitio. Adem\u00e1s, el usuario del sitio se compromete a acceder al sitio utilizando equipos recientes, que no contengan virus y con un navegador actualizado de \u00faltima generaci\u00f3n.<\/p><p><br \/><strong>5. PROPIEDAD INTELECTUAL E INFRACCIONES.<\/strong><br \/><br \/>Danny DA ROCHA es titular de los derechos de propiedad intelectual o posee los derechos de uso sobre todos los elementos accesibles en el sitio, en particular los textos, im\u00e1genes, gr\u00e1ficos, logo, iconos, sonidos, software.<\/p><p>Queda prohibida cualquier reproducci\u00f3n, representaci\u00f3n, modificaci\u00f3n, publicaci\u00f3n, adaptaci\u00f3n de todo o parte de los elementos del sitio, cualquiera que sea el medio o procedimiento utilizado, salvo autorizaci\u00f3n previa y por escrito de: Danny DA ROCHA.<\/p><p>Cualquier uso no autorizado del sitio o de cualquiera de los elementos que contiene se considerar\u00e1 constitutivo de una infracci\u00f3n y ser\u00e1 perseguido de conformidad con lo dispuesto en los art\u00edculos L.335-2 y siguientes del C\u00f3digo de la Propiedad Intelectual.<\/p><p><br \/><strong>6. LIMITACIONES DE RESPONSABILIDAD.<\/strong><br \/><br \/>Danny DA ROCHA no se hace responsable por da\u00f1os directos o indirectos causados al equipo del usuario, al acceder al sitio www.mistravels.com, y que resulten ya sea del uso de equipo que no cumpla con las especificaciones indicadas en el punto 4, ya sea la apariencia de un error o una incompatibilidad.<\/p><p>Danny DA ROCHA tampoco puede ser considerado responsable por da\u00f1os consecuentes (como p\u00e9rdida de mercado o p\u00e9rdida de oportunidad) que resulten del uso del sitio www.mistravels.com<\/p><p>Los espacios interactivos (posibilidad de hacer preguntas en el espacio de contacto) est\u00e1n disponibles para los usuarios. Danny DA ROCHA se reserva el derecho de eliminar, sin previo aviso, cualquier contenido publicado en este espacio que contravenga la legislaci\u00f3n aplicable en Francia, en particular las disposiciones relativas a la protecci\u00f3n de datos. En su caso, Danny DA ROCHA tambi\u00e9n se reserva el derecho a cuestionar la responsabilidad civil y\/o penal del usuario, en particular en caso de mensaje racista, abusivo, difamatorio o pornogr\u00e1fico, independientemente del medio utilizado (texto, fotograf\u00eda\u2026 ).<\/p><p><br \/><strong>7. GESTI\u00d3N DE DATOS PERSONALES.<\/strong><br \/><br \/>En Francia, los datos personales est\u00e1n especialmente protegidos por la ley n\u00b0 78-87 del 6 de enero de 1978, la ley n\u00b0 2004-801 del 6 de agosto de 2004, el art\u00edculo L. 226-13 del C\u00f3digo Penal y la Directiva Europea del 24 de octubre. , 1995.<\/p><p>Al utilizar el sitio www.mistravels.com, se puede recopilar: la URL de los enlaces a trav\u00e9s de los cuales el usuario accedi\u00f3 al sitio www.dannydarocha.com, el proveedor de acceso del usuario, la direcci\u00f3n de Protocolo de Internet (IP) del usuario.<\/p><p>En cualquier caso, Danny DA ROCHA solo recopila informaci\u00f3n personal relacionada con el usuario para la necesidad de ciertos servicios ofrecidos por el sitio www.mistravels.com. El usuario proporciona esta informaci\u00f3n con pleno conocimiento de causa, en particular cuando la introduce \u00e9l mismo. Se especifica entonces al usuario del sitio www.dannydarocha.com la obligaci\u00f3n o no de proporcionar esta informaci\u00f3n.<\/p><p>De conformidad con lo dispuesto en los art\u00edculos 38 y siguientes de la ley 78-17, de 6 de enero de 1978, relativa al tratamiento de datos, archivos y libertades, todo usuario tiene derecho de acceso, rectificaci\u00f3n y oposici\u00f3n a los datos personales que le conciernen, mediante la realizaci\u00f3n de su solicitud escrita y firmada, acompa\u00f1ada de copia del documento de identidad con firma del titular del documento, especificando la direcci\u00f3n a la que debe enviarse la respuesta.<\/p><p>Ninguna informaci\u00f3n personal del usuario del sitio www.mistravels.com es publicada sin el conocimiento del usuario, intercambiada, transferida, cedida o vendida por cualquier medio a terceros. Solo la asunci\u00f3n de redenci\u00f3n de Danny DA ROCHA y sus derechos permitir\u00eda la transmisi\u00f3n de dicha informaci\u00f3n al posible comprador quien a su vez estar\u00eda sujeto a la misma obligaci\u00f3n de almacenar y modificar datos con respecto al usuario del sitio web www.dannydarocha. com.<\/p><p>El sitio no est\u00e1 declarado a la CNIL porque no recopila informaci\u00f3n personal. .<\/p><p>Las bases de datos est\u00e1n protegidas por las disposiciones de la ley de 1 de julio de 1998 que transpone la directiva 96\/9 de 11 de marzo de 1996 relativa a la protecci\u00f3n jur\u00eddica de las bases de datos.<\/p><p><br \/><strong>8. ENLACES DE HIPERTEXTO Y COOKIES.<\/strong><br \/><br \/>El sitio www.mistravels.com contiene una cierta cantidad de enlaces de hipertexto a otros sitios, creados con la autorizaci\u00f3n de Danny DA ROCHA. Sin embargo, Danny DA ROCHA no tiene la posibilidad de verificar el contenido de los sitios as\u00ed visitados, y por lo tanto no asume ninguna responsabilidad por este hecho.<\/p><p>Es probable que la navegaci\u00f3n por el sitio www.mistravels.com provoque la instalaci\u00f3n de cookies en el ordenador del usuario. Una cookie es un peque\u00f1o archivo que no permite la identificaci\u00f3n del usuario, pero que registra informaci\u00f3n relativa a la navegaci\u00f3n de un ordenador en un sitio. Los datos as\u00ed obtenidos est\u00e1n destinados a facilitar la navegaci\u00f3n posterior en el sitio, y tambi\u00e9n est\u00e1n destinados a permitir diversas medidas de asistencia.<\/p><p>La negativa a instalar una cookie puede imposibilitar el acceso a determinados servicios. No obstante, el usuario puede configurar su equipo de la siguiente manera para rechazar la instalaci\u00f3n de cookies:<\/p><p>En Internet Explorer: pesta\u00f1a de herramientas (pictograma en forma de rueda dentada arriba a la derecha) \/ opciones de Internet. Haga clic en Privacidad y elija Bloquear todas las cookies. Validar en Ok.<\/p><p>En Firefox: en la parte superior de la ventana del navegador, haga clic en el bot\u00f3n Firefox y luego vaya a la pesta\u00f1a Opciones. Haga clic en la pesta\u00f1a Privacidad.<br \/>Establezca las reglas de retenci\u00f3n en: usar configuraciones personalizadas para el historial. Finalmente, desm\u00e1rquelo para deshabilitar las cookies.<\/p><p>En Safari: haga clic en la parte superior derecha del navegador en el icono de men\u00fa (simbolizado por un engranaje). Seleccione Configuraci\u00f3n. Haga clic en Mostrar configuraci\u00f3n avanzada. En la secci\u00f3n &quot;Privacidad&quot;, haz clic en Configuraci\u00f3n de contenido. En la secci\u00f3n \u201cCookies\u201d, puede bloquear las cookies.<\/p><p>En Chrome: Haga clic en la parte superior derecha del navegador en el icono de men\u00fa (simbolizado por tres l\u00edneas horizontales). Seleccione Configuraci\u00f3n. Haga clic en Mostrar configuraci\u00f3n avanzada. En la secci\u00f3n &quot;Privacidad&quot;, haga clic en preferencias. En la pesta\u00f1a &quot;Privacidad&quot;, puede bloquear las cookies.<\/p><p><br \/><strong>9. LEY APLICABLE Y ATRIBUCI\u00d3N DE JURISDICCI\u00d3N.<\/strong><br \/><br \/>Cualquier disputa relacionada con el uso del sitio www.mistravels.com est\u00e1 sujeta a la ley francesa. Se otorga jurisdicci\u00f3n exclusiva a los tribunales competentes de Par\u00eds.<\/p><p><br \/><strong>10. PRINCIPALES LEYES RELEVANTES.<\/strong><br \/><br \/>Ley n\u00b0 78-17 de 6 de enero de 1978, notablemente modificada por la ley n\u00b0 2004-801 de 6 de agosto de 2004 relativa a la inform\u00e1tica, archivos y libertades.<\/p><p>Ley n\u00b0 2004-575 del 21 de junio de 2004 para la confianza en la econom\u00eda digital.<\/p><p><br \/><strong>11. GLOSARIO.<\/strong><br \/><br \/>Usuario: Usuario de Internet que se conecta, utilizando el sitio antes mencionado.<br \/>Informaci\u00f3n personal: \u201cinformaci\u00f3n que permita, en cualquier forma, directa o indirectamente, la identificaci\u00f3n de las personas f\u00edsicas a las que se refiere\u201d (art\u00edculo 4 de la ley n\u00b0 78-17 de 6 de enero de 1978).<\/p>\t\t\t\t\t\t\t\t<\/div>\n\t\t\t\t<\/div>\n\t\t\t\t\t<\/div>\n\t\t<\/div>\n\t\t\t\t\t<\/div>\n\t\t<\/section>\n\t\t\t\t<\/div>","protected":false},"excerpt":{"rendered":"<p>Avisos legales 1. PRESENTACI\u00d3N DEL SITIO. En virtud del art\u00edculo 6 de la Ley n\u00ba 2004-575, de 21 de junio de 2004, para la confianza en la econom\u00eda digital, los usuarios del sitio www.mistravels.com son informados de la identidad de los distintos participantes en el marco de su creaci\u00f3n y seguimiento: Propietario : Danny DA ROCHA Creador: [\u2026]<\/p>","protected":false},"author":1,"featured_media":0,"parent":0,"menu_order":0,"comment_status":"closed","ping_status":"closed","template":"elementor_header_footer","meta":{"_acf_changed":false,"content-type":"","yasr_overall_rating":0,"yasr_post_is_review":"","yasr_auto_insert_disabled":"","yasr_review_type":"","footnotes":""},"class_list":["post-835","page","type-page","status-publish","hentry"],"acf":[],"yasr_visitor_votes":{"stars_attributes":{"read_only":false,"span_bottom":false},"number_of_votes":0,"sum_votes":0},"_links":{"self":[{"href":"https:\/\/mistravels.com\/es\/wp-json\/wp\/v2\/pages\/835","targetHints":{"allow":["GET"]}}],"collection":[{"href":"https:\/\/mistravels.com\/es\/wp-json\/wp\/v2\/pages"}],"about":[{"href":"https:\/\/mistravels.com\/es\/wp-json\/wp\/v2\/types\/page"}],"author":[{"embeddable":true,"href":"https:\/\/mistravels.com\/es\/wp-json\/wp\/v2\/users\/1"}],"replies":[{"embeddable":true,"href":"https:\/\/mistravels.com\/es\/wp-json\/wp\/v2\/comments?post=835"}],"version-history":[{"count":0,"href":"https:\/\/mistravels.com\/es\/wp-json\/wp\/v2\/pages\/835\/revisions"}],"wp:attachment":[{"href":"https:\/\/mistravels.com\/es\/wp-json\/wp\/v2\/media?parent=835"}],"curies":[{"name":"wp","href":"https:\/\/api.w.org\/{rel}","templated":true}]}}