{"id":848,"date":"2023-04-15T16:44:10","date_gmt":"2023-04-15T15:44:10","guid":{"rendered":"https:\/\/mistravels.com\/?page_id=848"},"modified":"2023-08-08T16:42:56","modified_gmt":"2023-08-08T15:42:56","slug":"politique-de-confidentialite","status":"publish","type":"page","link":"https:\/\/mistravels.com\/es\/politica-de-confidencialidad\/","title":{"rendered":"pol\u00edtica de confidencialidad"},"content":{"rendered":"<div data-elementor-type=\"wp-page\" data-elementor-id=\"848\" class=\"elementor elementor-848\" data-elementor-post-type=\"page\">\n\t\t\t\t\t\t<section class=\"elementor-section elementor-top-section elementor-element elementor-element-5f5f1577 elementor-section-boxed elementor-section-height-default elementor-section-height-default\" data-id=\"5f5f1577\" data-element_type=\"section\">\n\t\t\t\t\t\t<div class=\"elementor-container elementor-column-gap-default\">\n\t\t\t\t\t<div class=\"elementor-column elementor-col-100 elementor-top-column elementor-element elementor-element-218eb5e7\" data-id=\"218eb5e7\" data-element_type=\"column\">\n\t\t\t<div class=\"elementor-widget-wrap elementor-element-populated\">\n\t\t\t\t\t\t<div class=\"elementor-element elementor-element-627a7fe6 elementor-widget elementor-widget-heading\" data-id=\"627a7fe6\" data-element_type=\"widget\" data-widget_type=\"heading.default\">\n\t\t\t\t<div class=\"elementor-widget-container\">\n\t\t\t\t\t<h1 class=\"elementor-heading-title elementor-size-default\">pol\u00edtica de confidencialidad<\/h1>\t\t\t\t<\/div>\n\t\t\t\t<\/div>\n\t\t\t\t<div class=\"elementor-element elementor-element-c6d7ea6 elementor-widget elementor-widget-text-editor\" data-id=\"c6d7ea6\" data-element_type=\"widget\" data-widget_type=\"text-editor.default\">\n\t\t\t\t<div class=\"elementor-widget-container\">\n\t\t\t\t\t\t\t\t\t<p>Mistravels se compromete a respetar la confidencialidad de los datos personales recabados. Esta Pol\u00edtica de privacidad rige la forma en que &quot;Mistravels&quot; recopila, usa, mantiene y divulga la informaci\u00f3n recopilada de los visitantes y usuarios del sitio. <strong>www.mistravels.com.<\/strong><\/p><p>\u00a0<\/p><p><strong>USO DE DATOS PERSONALES RECOGIDOS<\/strong><\/p><p><br \/><strong>Comentarios<\/strong><\/p><p>Cuando deja un comentario en este sitio web, los datos ingresados en el formulario de comentarios, pero tambi\u00e9n su direcci\u00f3n IP y el agente de usuario de su navegador se recopilan para ayudar a detectar comentarios no deseados a trav\u00e9s de la extensi\u00f3n denominada &quot;Askimet&quot;.<\/p><p>Se puede enviar una cadena an\u00f3nima creada a partir de su direcci\u00f3n de correo electr\u00f3nico (tambi\u00e9n llamada hash) al servicio Gravatar para verificar si la est\u00e1 utilizando. Las cl\u00e1usulas de confidencialidad del servicio Gravatar est\u00e1n disponibles aqu\u00ed: https:\/\/automattic.com\/privacy\/. Despu\u00e9s de la validaci\u00f3n de su comentario, su foto de perfil ser\u00e1 visible p\u00fablicamente junto a su comentario.<\/p><p><strong>Medios de comunicaci\u00f3n<\/strong><\/p><p>Si es un usuario registrado y sube im\u00e1genes al sitio web, le recomendamos que evite cargar im\u00e1genes que contengan datos de coordenadas GPS EXIF. Los visitantes de su sitio web pueden descargar y extraer datos de ubicaci\u00f3n de estas im\u00e1genes.<\/p><p><strong>formularios de contacto<\/strong><\/p><p>A trav\u00e9s del formulario de contacto de este sitio, &quot;Mistravels&quot; recopila su nombre y su direcci\u00f3n de correo electr\u00f3nico, as\u00ed como la direcci\u00f3n IP para detectar correos electr\u00f3nicos no deseados a trav\u00e9s de la aplicaci\u00f3n Askimet. El mismo proceso se utiliza para los comentarios. Su direcci\u00f3n de correo electr\u00f3nico, as\u00ed como su mensaje ser\u00e1n estrictamente confidenciales y no ser\u00e1n comunicados a terceros.<\/p><p><strong>Galletas<\/strong><\/p><p>Si deja un comentario en este sitio, se le ofrecer\u00e1 guardar su nombre, direcci\u00f3n de correo electr\u00f3nico y sitio web en cookies. Esto es solo para su comodidad para que no tenga que ingresar esta informaci\u00f3n si deja otro comentario m\u00e1s adelante. Estas cookies expiran despu\u00e9s de un a\u00f1o.<\/p><p><strong>calle<\/strong><strong>\u00c1ticos y medidas de p\u00fablico<\/strong><\/p><p>Este sitio utiliza Google Analytics y la extensi\u00f3n Yoast SEO para analizar la audiencia y el comportamiento de los usuarios. Para ello, Google Analytics utiliza una cookie para recopilar datos del comportamiento de los visitantes y su origen. Estos datos se anonimizan y &quot;Mistravels&quot; no se dirige a personas con fines de marketing. Los avisos de privacidad de Google Analytics est\u00e1n disponibles aqu\u00ed.<\/p><p>\u00a0<\/p><p><strong>USO Y TRANSMISI\u00d3N DE SUS DATOS PERSONALES\u00a0<\/strong><\/p><p><br \/><strong>Tiempos de almacenamiento de sus datos<\/strong><\/p><p>Si deja un comentario, el comentario y sus metadatos se conservan indefinidamente. Esto reconoce y aprueba autom\u00e1ticamente los comentarios posteriores en lugar de dejarlos en la cola de moderaci\u00f3n. Los datos estad\u00edsticos se eliminan autom\u00e1ticamente despu\u00e9s de un m\u00e1ximo de 24 meses.<\/p><p><strong>Los derechos que tienes sobre tus datos<\/strong><\/p><p>Si tiene una cuenta o ha dejado comentarios en el sitio, puede solicitar recibir un archivo que contenga todos los datos personales que mistravels.com tiene sobre usted, incluidos los que usted ha proporcionado. Tambi\u00e9n puede solicitar la eliminaci\u00f3n de los datos personales que le conciernen. Esto no tiene en cuenta los datos almacenados por motivos administrativos, legales o de seguridad. Este derecho puede ejercerse por correo electr\u00f3nico a la siguiente direcci\u00f3n: mistravelsblog@gmail.com<\/p><p><strong>Uso de sus datos personales<\/strong><\/p><p>Los datos personales recopilados permiten a \u201cMistravels\u201d:<\/p><p>Comprender la audiencia del sitio mistravels.com a trav\u00e9s de an\u00e1lisis estad\u00edsticos, Google Analytics y la extensi\u00f3n Yoast SEO. A trav\u00e9s de estos datos es posible recopilar su edad, sexo y otros elementos relacionados con sus h\u00e1bitos de b\u00fasqueda en Google.<br \/>Facilitar el env\u00edo de comentarios en el sitio conect\u00e1ndolo a una cuenta ya conocida por el sitio gracias a una cookie.<br \/>Enviarle un correo electr\u00f3nico cuando &quot;Mistravels&quot; responda a su comentario sobre un art\u00edculo (a menos que se indique lo contrario)<br \/>Responda a su correo electr\u00f3nico utilizando la direcci\u00f3n proporcionada en el formulario de contacto.<br \/>Los usuarios pueden encontrar publicidad u otro contenido en el Sitio que se vincule a los sitios y servicios de socios, proveedores, anunciantes, patrocinadores u otros terceros. &quot;Mistravels&quot; no controla el contenido o los enlaces que aparecen en estos sitios y no es responsable de las pr\u00e1cticas empleadas por estos sitios web. Estos sitios y servicios pueden tener sus propias pol\u00edticas de privacidad.<\/p><p><strong>Transmisi\u00f3n de sus datos personales<\/strong><\/p><p>Los comentarios de los visitantes puede que los revise un servicio de detecci\u00f3n autom\u00e1tica de spam.<\/p>\t\t\t\t\t\t\t\t<\/div>\n\t\t\t\t<\/div>\n\t\t\t\t\t<\/div>\n\t\t<\/div>\n\t\t\t\t\t<\/div>\n\t\t<\/section>\n\t\t\t\t<\/div>","protected":false},"excerpt":{"rendered":"<p>Pol\u00edtica de privacidad Mistravels se compromete a respetar la confidencialidad de la informaci\u00f3n personal recopilada. Esta pol\u00edtica de privacidad rige la manera en que \u201cMistravels\u201d recopila, utiliza, mantiene y divulga la informaci\u00f3n recopilada de los visitantes y usuarios del sitio www.mistravels.com.  USO DE DATOS PERSONALES RECOPILADOS Comentarios Cuando dejas un comentario en este sitio [\u2026]<\/p>","protected":false},"author":1,"featured_media":0,"parent":0,"menu_order":0,"comment_status":"closed","ping_status":"closed","template":"elementor_header_footer","meta":{"_acf_changed":false,"content-type":"","yasr_overall_rating":0,"yasr_post_is_review":"","yasr_auto_insert_disabled":"","yasr_review_type":"","footnotes":""},"class_list":["post-848","page","type-page","status-publish","hentry"],"acf":[],"yasr_visitor_votes":{"stars_attributes":{"read_only":false,"span_bottom":false},"number_of_votes":0,"sum_votes":0},"_links":{"self":[{"href":"https:\/\/mistravels.com\/es\/wp-json\/wp\/v2\/pages\/848","targetHints":{"allow":["GET"]}}],"collection":[{"href":"https:\/\/mistravels.com\/es\/wp-json\/wp\/v2\/pages"}],"about":[{"href":"https:\/\/mistravels.com\/es\/wp-json\/wp\/v2\/types\/page"}],"author":[{"embeddable":true,"href":"https:\/\/mistravels.com\/es\/wp-json\/wp\/v2\/users\/1"}],"replies":[{"embeddable":true,"href":"https:\/\/mistravels.com\/es\/wp-json\/wp\/v2\/comments?post=848"}],"version-history":[{"count":0,"href":"https:\/\/mistravels.com\/es\/wp-json\/wp\/v2\/pages\/848\/revisions"}],"wp:attachment":[{"href":"https:\/\/mistravels.com\/es\/wp-json\/wp\/v2\/media?parent=848"}],"curies":[{"name":"wp","href":"https:\/\/api.w.org\/{rel}","templated":true}]}}